{"id":120,"date":"2017-08-23T13:49:59","date_gmt":"2017-08-23T13:49:59","guid":{"rendered":"http:\/\/praxis-weissenstein.ch\/wordpress\/?page_id=120"},"modified":"2023-05-05T15:10:49","modified_gmt":"2023-05-05T15:10:49","slug":"lehrpraxis","status":"publish","type":"page","link":"https:\/\/praxis-weissenstein.ch\/wordpress\/?page_id=120","title":{"rendered":"Lehrpraxis"},"content":{"rendered":"<p>Uns liegt die Ausbildung des medizinischen Nachwuchs am Herzen, daher bieten wir Praktikumspl\u00e4tze f\u00fcr Medizinstudierende sowie Praxisassistenzstellen f\u00fcr \u00c4rztinnen und \u00c4rzte an.<\/p>\n<p>Medizinstudierende der Universit\u00e4ten Bern,\u00a0 Basel und Fribourg k\u00f6nnen bei uns die obligatorischen Praktika in Hausarztmedizin absolvieren.<\/p>\n<p>F\u00fcr Assistenz\u00e4rztinnen und Assistenz\u00e4rzte mit Ausbildungsziel Allgemeine Innere Medizin ist unsere Praxis als Weiterbildungsst\u00e4tte f\u00fcr ambulante Medizin anerkannt. Bis 12 Monate sind anrechenbar, die Anstellung erfolgt \u00fcber das kantonale Programm. Interessenten k\u00f6nnen sich jederzeit bei uns melden.<\/p>\n<p>Weitere Informationen zur Praxisassistenz unter:<br \/>\n<a href=\"https:\/\/www.hausaerzte-solothurn.ch\/aus-weiter-und-fortbildung\/\">www.hausaerzte-solothurn.ch<\/a><\/p>\n","protected":false},"excerpt":{"rendered":"<p>Uns liegt die Ausbildung des medizinischen Nachwuchs am Herzen, daher bieten wir Praktikumspl\u00e4tze f\u00fcr Medizinstudierende sowie Praxisassistenzstellen f\u00fcr \u00c4rztinnen und \u00c4rzte an. Medizinstudierende der Universit\u00e4ten Bern,\u00a0 Basel und Fribourg k\u00f6nnen bei uns die obligatorischen Praktika in Hausarztmedizin absolvieren. F\u00fcr Assistenz\u00e4rztinnen und Assistenz\u00e4rzte mit Ausbildungsziel Allgemeine Innere Medizin ist unsere Praxis als Weiterbildungsst\u00e4tte f\u00fcr ambulante Medizin &hellip; <\/p>\n<p class=\"link-more\"><a href=\"https:\/\/praxis-weissenstein.ch\/wordpress\/?page_id=120\" class=\"more-link\">Continue reading<span class=\"screen-reader-text\"> &#8220;Lehrpraxis&#8221;<\/span><\/a><\/p>\n","protected":false},"author":1,"featured_media":0,"parent":0,"menu_order":0,"comment_status":"closed","ping_status":"closed","template":"","meta":[],"_links":{"self":[{"href":"https:\/\/praxis-weissenstein.ch\/wordpress\/index.php?rest_route=\/wp\/v2\/pages\/120"}],"collection":[{"href":"https:\/\/praxis-weissenstein.ch\/wordpress\/index.php?rest_route=\/wp\/v2\/pages"}],"about":[{"href":"https:\/\/praxis-weissenstein.ch\/wordpress\/index.php?rest_route=\/wp\/v2\/types\/page"}],"author":[{"embeddable":true,"href":"https:\/\/praxis-weissenstein.ch\/wordpress\/index.php?rest_route=\/wp\/v2\/users\/1"}],"replies":[{"embeddable":true,"href":"https:\/\/praxis-weissenstein.ch\/wordpress\/index.php?rest_route=%2Fwp%2Fv2%2Fcomments&post=120"}],"version-history":[{"count":4,"href":"https:\/\/praxis-weissenstein.ch\/wordpress\/index.php?rest_route=\/wp\/v2\/pages\/120\/revisions"}],"predecessor-version":[{"id":436,"href":"https:\/\/praxis-weissenstein.ch\/wordpress\/index.php?rest_route=\/wp\/v2\/pages\/120\/revisions\/436"}],"wp:attachment":[{"href":"https:\/\/praxis-weissenstein.ch\/wordpress\/index.php?rest_route=%2Fwp%2Fv2%2Fmedia&parent=120"}],"curies":[{"name":"wp","href":"https:\/\/api.w.org\/{rel}","templated":true}]}}