{"id":258,"date":"2021-02-16T18:40:37","date_gmt":"2021-02-16T18:40:37","guid":{"rendered":"http:\/\/praxis-weissenstein.ch\/wordpress\/?page_id=258"},"modified":"2022-02-20T14:24:11","modified_gmt":"2022-02-20T14:24:11","slug":"coronatest-fur-selbstzahler","status":"publish","type":"page","link":"https:\/\/praxis-weissenstein.ch\/wordpress\/?page_id=258","title":{"rendered":"Coronatest f\u00fcr Selbstzahler"},"content":{"rendered":"<p>Asymptomatische Personen, die einen negativen Test oder ein Zertifikat ben\u00f6tigen k\u00f6nnen den Test bei uns durchf\u00fchren. <em>Terminvergabe ausschliesslich online.<\/em><\/p>\n<p><strong><a style=\"font-size: 1rem;\" href=\"https:\/\/www.onedoc.ch\/de\/gruppenpraxis\/langendorf\/eo43\/hausarztpraxis-weissenstein\">Online-Terminbuchung<\/a><\/strong><\/p>\n<p>Welche Art von Test ben\u00f6tigt wird, und innert welcher Frist vor einem Anlass er durchgef\u00fchrt wird, liegt in der Verantwortung des Patienten. Das Resultat des PCR-Tests liegt in der Regel innert 24-36 Stunden vor.<\/p>\n<p>Aus technischen Gr\u00fcnden kann sich das Resultat des PCR in Ausnahmef\u00e4llen verz\u00f6gern. Wir k\u00f6nnen <strong>keine Garantie<\/strong> f\u00fcr den p\u00fcnktlichen Erhalt des Resultats \u00fcbernehmen.<\/p>\n<p>Kosten:<br \/>\n-PCR: 45 Fr (Plus ca. 120 Fr Laborkosten)<\/p>\n<p>-Antigen-Schnelltest: 45 Fr (Kosten\u00fcbernahme durch den Bund wenn in der Schweiz Krankenversichert)<\/p>\n<p>Bitte Krankenkassenkarte mitbringen, falls ben\u00f6tigt auch Reisepass-Nr.<\/p>\n<p>Der Betrag ist bar oder mit Karte vor Ort zu\u00a0 begleichen. Wir akzeptieren\u00a0 die g\u00e4ngigen\u00a0 Kredit- und Debitkarten sowie TWINT. Die Postcard geht leider nicht.<\/p>\n","protected":false},"excerpt":{"rendered":"<p>Asymptomatische Personen, die einen negativen Test oder ein Zertifikat ben\u00f6tigen k\u00f6nnen den Test bei uns durchf\u00fchren. Terminvergabe ausschliesslich online. Online-Terminbuchung Welche Art von Test ben\u00f6tigt wird, und innert welcher Frist vor einem Anlass er durchgef\u00fchrt wird, liegt in der Verantwortung des Patienten. Das Resultat des PCR-Tests liegt in der Regel innert 24-36 Stunden vor. Aus &hellip; <\/p>\n<p class=\"link-more\"><a href=\"https:\/\/praxis-weissenstein.ch\/wordpress\/?page_id=258\" class=\"more-link\">Continue reading<span class=\"screen-reader-text\"> &#8220;Coronatest f\u00fcr Selbstzahler&#8221;<\/span><\/a><\/p>\n","protected":false},"author":2,"featured_media":0,"parent":0,"menu_order":0,"comment_status":"closed","ping_status":"closed","template":"","meta":[],"_links":{"self":[{"href":"https:\/\/praxis-weissenstein.ch\/wordpress\/index.php?rest_route=\/wp\/v2\/pages\/258"}],"collection":[{"href":"https:\/\/praxis-weissenstein.ch\/wordpress\/index.php?rest_route=\/wp\/v2\/pages"}],"about":[{"href":"https:\/\/praxis-weissenstein.ch\/wordpress\/index.php?rest_route=\/wp\/v2\/types\/page"}],"author":[{"embeddable":true,"href":"https:\/\/praxis-weissenstein.ch\/wordpress\/index.php?rest_route=\/wp\/v2\/users\/2"}],"replies":[{"embeddable":true,"href":"https:\/\/praxis-weissenstein.ch\/wordpress\/index.php?rest_route=%2Fwp%2Fv2%2Fcomments&post=258"}],"version-history":[{"count":15,"href":"https:\/\/praxis-weissenstein.ch\/wordpress\/index.php?rest_route=\/wp\/v2\/pages\/258\/revisions"}],"predecessor-version":[{"id":400,"href":"https:\/\/praxis-weissenstein.ch\/wordpress\/index.php?rest_route=\/wp\/v2\/pages\/258\/revisions\/400"}],"wp:attachment":[{"href":"https:\/\/praxis-weissenstein.ch\/wordpress\/index.php?rest_route=%2Fwp%2Fv2%2Fmedia&parent=258"}],"curies":[{"name":"wp","href":"https:\/\/api.w.org\/{rel}","templated":true}]}}