{"id":339,"date":"2021-09-27T10:27:03","date_gmt":"2021-09-27T10:27:03","guid":{"rendered":"http:\/\/praxis-weissenstein.ch\/wordpress\/?page_id=339"},"modified":"2022-02-20T13:58:19","modified_gmt":"2022-02-20T13:58:19","slug":"zertifikat","status":"publish","type":"page","link":"https:\/\/praxis-weissenstein.ch\/wordpress\/?page_id=339","title":{"rendered":"Zertifikat"},"content":{"rendered":"<p>Mit der Aufhebung der Zertifikatspflicht vom 17.02.22 werden Test- und Impfzertifikate nur noch in Ausnahmef\u00e4llen ben\u00f6tigt.<\/p>\n<p>F\u00fcr besondere Zwecke (insbesondere Auslandreisende) werden wir weiterhin in der Lage sein, Zertifikate auszustellen.<\/p>\n<p>Nach einer erfolgten Impfung erfolgt weiterhin die Ausstellung eines Impfzertifikates.<\/p>\n","protected":false},"excerpt":{"rendered":"<p>Mit der Aufhebung der Zertifikatspflicht vom 17.02.22 werden Test- und Impfzertifikate nur noch in Ausnahmef\u00e4llen ben\u00f6tigt. F\u00fcr besondere Zwecke (insbesondere Auslandreisende) werden wir weiterhin in der Lage sein, Zertifikate auszustellen. Nach einer erfolgten Impfung erfolgt weiterhin die Ausstellung eines Impfzertifikates.<\/p>\n","protected":false},"author":2,"featured_media":0,"parent":0,"menu_order":0,"comment_status":"closed","ping_status":"closed","template":"","meta":[],"_links":{"self":[{"href":"https:\/\/praxis-weissenstein.ch\/wordpress\/index.php?rest_route=\/wp\/v2\/pages\/339"}],"collection":[{"href":"https:\/\/praxis-weissenstein.ch\/wordpress\/index.php?rest_route=\/wp\/v2\/pages"}],"about":[{"href":"https:\/\/praxis-weissenstein.ch\/wordpress\/index.php?rest_route=\/wp\/v2\/types\/page"}],"author":[{"embeddable":true,"href":"https:\/\/praxis-weissenstein.ch\/wordpress\/index.php?rest_route=\/wp\/v2\/users\/2"}],"replies":[{"embeddable":true,"href":"https:\/\/praxis-weissenstein.ch\/wordpress\/index.php?rest_route=%2Fwp%2Fv2%2Fcomments&post=339"}],"version-history":[{"count":6,"href":"https:\/\/praxis-weissenstein.ch\/wordpress\/index.php?rest_route=\/wp\/v2\/pages\/339\/revisions"}],"predecessor-version":[{"id":393,"href":"https:\/\/praxis-weissenstein.ch\/wordpress\/index.php?rest_route=\/wp\/v2\/pages\/339\/revisions\/393"}],"wp:attachment":[{"href":"https:\/\/praxis-weissenstein.ch\/wordpress\/index.php?rest_route=%2Fwp%2Fv2%2Fmedia&parent=339"}],"curies":[{"name":"wp","href":"https:\/\/api.w.org\/{rel}","templated":true}]}}