{"id":5,"date":"2017-06-15T08:14:36","date_gmt":"2017-06-15T08:14:36","guid":{"rendered":"http:\/\/praxis-weissenstein.ch\/wordpress\/?page_id=5"},"modified":"2023-09-22T11:44:28","modified_gmt":"2023-09-22T11:44:28","slug":"team","status":"publish","type":"page","link":"https:\/\/praxis-weissenstein.ch\/wordpress\/?page_id=5","title":{"rendered":"Team"},"content":{"rendered":"<h4>\u00c4rzte:<\/h4>\n<p><em><img decoding=\"async\" loading=\"lazy\" class=\"alignnone wp-image-132 size-medium\" src=\"http:\/\/praxis-weissenstein.ch\/wordpress\/wp-content\/uploads\/2017\/08\/A_Betschart-300x200.jpg\" alt=\"\" width=\"300\" height=\"200\" srcset=\"https:\/\/praxis-weissenstein.ch\/wordpress\/wp-content\/uploads\/2017\/08\/A_Betschart-300x200.jpg 300w, https:\/\/praxis-weissenstein.ch\/wordpress\/wp-content\/uploads\/2017\/08\/A_Betschart-768x512.jpg 768w, https:\/\/praxis-weissenstein.ch\/wordpress\/wp-content\/uploads\/2017\/08\/A_Betschart-1024x683.jpg 1024w\" sizes=\"(max-width: 300px) 100vw, 300px\" \/><\/em> <a href=\"http:\/\/praxis-weissenstein.ch\/wordpress\/?page_id=72\">Dr. med. A. Betschart Casti<\/a><\/p>\n<p><img decoding=\"async\" loading=\"lazy\" class=\"alignnone wp-image-133 size-medium\" src=\"http:\/\/praxis-weissenstein.ch\/wordpress\/wp-content\/uploads\/2017\/08\/M_Fluri-300x200.jpg\" alt=\"\" width=\"300\" height=\"200\" srcset=\"https:\/\/praxis-weissenstein.ch\/wordpress\/wp-content\/uploads\/2017\/08\/M_Fluri-300x200.jpg 300w, https:\/\/praxis-weissenstein.ch\/wordpress\/wp-content\/uploads\/2017\/08\/M_Fluri-768x512.jpg 768w, https:\/\/praxis-weissenstein.ch\/wordpress\/wp-content\/uploads\/2017\/08\/M_Fluri-1024x683.jpg 1024w\" sizes=\"(max-width: 300px) 100vw, 300px\" \/> <a href=\"http:\/\/praxis-weissenstein.ch\/wordpress\/?page_id=63\">Dr. med. M. Fluri<\/a><\/p>\n<p><img decoding=\"async\" loading=\"lazy\" class=\"alignnone wp-image-134 size-medium\" src=\"http:\/\/praxis-weissenstein.ch\/wordpress\/wp-content\/uploads\/2017\/08\/M_Scha\u0308rer-300x200.jpg\" alt=\"\" width=\"300\" height=\"200\" srcset=\"https:\/\/praxis-weissenstein.ch\/wordpress\/wp-content\/uploads\/2017\/08\/M_Scha\u0308rer-300x200.jpg 300w, https:\/\/praxis-weissenstein.ch\/wordpress\/wp-content\/uploads\/2017\/08\/M_Scha\u0308rer-768x512.jpg 768w, https:\/\/praxis-weissenstein.ch\/wordpress\/wp-content\/uploads\/2017\/08\/M_Scha\u0308rer-1024x683.jpg 1024w\" sizes=\"(max-width: 300px) 100vw, 300px\" \/> <a href=\"http:\/\/praxis-weissenstein.ch\/wordpress\/?page_id=81&amp;preview=true\">Dr. med. M. Sch\u00e4rer<\/a><\/p>\n<h4>MPA Medizinische Praxisassistentinnen:<\/h4>\n<p>Rengin K\u00e4stli<\/p>\n<p>Laura Amorosi<\/p>\n<p>Daniela Reinhart<\/p>\n<p>Mich\u00e8le Bucher<\/p>\n<p>Siria Disilvestro<\/p>\n","protected":false},"excerpt":{"rendered":"<p>\u00c4rzte: Dr. med. A. Betschart Casti Dr. med. M. Fluri Dr. med. M. Sch\u00e4rer MPA Medizinische Praxisassistentinnen: Rengin K\u00e4stli Laura Amorosi Daniela Reinhart Mich\u00e8le Bucher Siria Disilvestro<\/p>\n","protected":false},"author":1,"featured_media":0,"parent":0,"menu_order":0,"comment_status":"closed","ping_status":"closed","template":"","meta":[],"_links":{"self":[{"href":"https:\/\/praxis-weissenstein.ch\/wordpress\/index.php?rest_route=\/wp\/v2\/pages\/5"}],"collection":[{"href":"https:\/\/praxis-weissenstein.ch\/wordpress\/index.php?rest_route=\/wp\/v2\/pages"}],"about":[{"href":"https:\/\/praxis-weissenstein.ch\/wordpress\/index.php?rest_route=\/wp\/v2\/types\/page"}],"author":[{"embeddable":true,"href":"https:\/\/praxis-weissenstein.ch\/wordpress\/index.php?rest_route=\/wp\/v2\/users\/1"}],"replies":[{"embeddable":true,"href":"https:\/\/praxis-weissenstein.ch\/wordpress\/index.php?rest_route=%2Fwp%2Fv2%2Fcomments&post=5"}],"version-history":[{"count":32,"href":"https:\/\/praxis-weissenstein.ch\/wordpress\/index.php?rest_route=\/wp\/v2\/pages\/5\/revisions"}],"predecessor-version":[{"id":449,"href":"https:\/\/praxis-weissenstein.ch\/wordpress\/index.php?rest_route=\/wp\/v2\/pages\/5\/revisions\/449"}],"wp:attachment":[{"href":"https:\/\/praxis-weissenstein.ch\/wordpress\/index.php?rest_route=%2Fwp%2Fv2%2Fmedia&parent=5"}],"curies":[{"name":"wp","href":"https:\/\/api.w.org\/{rel}","templated":true}]}}