{"id":63,"date":"2017-06-21T12:21:16","date_gmt":"2017-06-21T12:21:16","guid":{"rendered":"http:\/\/praxis-weissenstein.ch\/wordpress\/?page_id=63"},"modified":"2017-08-23T15:18:45","modified_gmt":"2017-08-23T15:18:45","slug":"dr-med-michael-fluri","status":"publish","type":"page","link":"https:\/\/praxis-weissenstein.ch\/wordpress\/?page_id=63","title":{"rendered":"Dr. med Michael Fluri"},"content":{"rendered":"<p><img decoding=\"async\" loading=\"lazy\" class=\"alignnone size-medium wp-image-133\" src=\"http:\/\/praxis-weissenstein.ch\/wordpress\/wp-content\/uploads\/2017\/08\/M_Fluri-300x200.jpg\" alt=\"\" width=\"300\" height=\"200\" srcset=\"https:\/\/praxis-weissenstein.ch\/wordpress\/wp-content\/uploads\/2017\/08\/M_Fluri-300x200.jpg 300w, https:\/\/praxis-weissenstein.ch\/wordpress\/wp-content\/uploads\/2017\/08\/M_Fluri-768x512.jpg 768w, https:\/\/praxis-weissenstein.ch\/wordpress\/wp-content\/uploads\/2017\/08\/M_Fluri-1024x683.jpg 1024w\" sizes=\"(max-width: 300px) 100vw, 300px\" \/><\/p>\n<h4>Ausbildung und Berufserfahrung<\/h4>\n<ul>\n<li>1994\u00a0\u00a0\u00a0\u00a0\u00a0\u00a0\u00a0\u00a0\u00a0\u00a0\u00a0 Matura Kantonsschule Solothurn<\/li>\n<li>2001 \u00a0 \u00a0 \u00a0 \u00a0\u00a0\u00a0\u00a0 Staatsexamen Humanmedizin Universit\u00e4t Bern<\/li>\n<li>2002 \u00a0\u00a0\u00a0\u00a0\u00a0\u00a0\u00a0\u00a0\u00a0\u00a0Chirurgie Kantonsspital Schaffhausen<\/li>\n<li>2003 &#8211; 2004 \u00a0\u00a0\u00a0\u00a0\u00a0\u00a0\u00a0\u00a0\u00a0\u00a0Innere Medizin Regionalspital M\u00fcnsingen<\/li>\n<li>2004 &#8211; 2005 \u00a0\u00a0\u00a0\u00a0\u00a0\u00a0\u00a0\u00a0\u00a0\u00a0Innere Medizin B\u00fcrgerspital Solothurn<\/li>\n<li>2005 &#8211; 2006 \u00a0\u00a0\u00a0\u00a0\u00a0\u00a0\u00a0\u00a0\u00a0\u00a0P\u00e4diatrie und Kinderchirurgie Spitalzentrum Biel<\/li>\n<li>2006 &#8211; 2007\u00a0\u00a0\u00a0\u00a0\u00a0\u00a0\u00a0\u00a0\u00a0\u00a0 Allgemein- und Sportmedizin<\/li>\n<li>2007 &#8211; 2008 \u00a0\u00a0\u00a0\u00a0\u00a0\u00a0\u00a0\u00a0\u00a0\u00a0Hals-Nasen-Ohren &#8211; Heilkunde B\u00fcrgerspital Solothurn<\/li>\n<li>2008 \u00a0\u00a0\u00a0\u00a0\u00a0\u00a0\u00a0\u00a0\u00a0\u00a0Psychiatrie, Psychiatrische Dienste Solothurn<\/li>\n<li>2009 \u00a0\u00a0\u00a0\u00a0\u00a0\u00a0\u00a0\u00a0\u00a0\u00a0Ambulante Notfallstation B\u00fcrgerspital Solothurn<\/li>\n<li>2009\u00a0\u00a0\u00a0\u00a0\u00a0\u00a0\u00a0\u00a0\u00a0\u00a0 selbst\u00e4ndige T\u00e4tigkeit als Hausarzt in Langendorf<\/li>\n<\/ul>\n<ul>\n<li>2005 \u00a0\u00a0\u00a0\u00a0\u00a0\u00a0\u00a0\u00a0Doktortitel der Universit\u00e4t Bern<\/li>\n<li>2009\u00a0\u00a0\u00a0\u00a0\u00a0\u00a0\u00a0\u00a0 Facharzt f\u00fcr Allgemeine Innere Medizin<\/li>\n<li>2009 \u00a0\u00a0\u00a0\u00a0\u00a0\u00a0\u00a0 F\u00e4higkeitsausweis Manuelle Medizin SAMM<\/li>\n<li>2009\u00a0\u00a0\u00a0\u00a0\u00a0\u00a0\u00a0\u00a0 Sachkunde f\u00fcr dosisintensives R\u00f6ntgen<\/li>\n<li>2014\u00a0\u00a0\u00a0\u00a0\u00a0\u00a0\u00a0\u00a0\u00a0 SIWF zertifizierte Weiterbildungsst\u00e4tte f\u00fcr Allgemeine Innere Medizin<\/li>\n<\/ul>\n<p>&nbsp;<\/p>\n<h4>Engagement<\/h4>\n<ul>\n<li>Vorstandsmitglied und Fortbildungsdelegierter MFE Haus\u00e4rzte Solothurn<\/li>\n<li>Mitglied Arbeitsgruppe eHealth-Strategie Kanton Solothurn<\/li>\n<li>Mitglied Parit\u00e4tische Kommission Praxisassistenz Kanton Solothurn<\/li>\n<li>Lehrarzt Studentenunterricht f\u00fcr die Medizinschen Fakult\u00e4ten der Universit\u00e4ten Bern und Basel<\/li>\n<li>Schularzt GESLOR Langendorf<\/li>\n<li>Vereinsarzt Spitex Langendorf<\/li>\n<\/ul>\n","protected":false},"excerpt":{"rendered":"<p>Ausbildung und Berufserfahrung 1994\u00a0\u00a0\u00a0\u00a0\u00a0\u00a0\u00a0\u00a0\u00a0\u00a0\u00a0 Matura Kantonsschule Solothurn 2001 \u00a0 \u00a0 \u00a0 \u00a0\u00a0\u00a0\u00a0 Staatsexamen Humanmedizin Universit\u00e4t Bern 2002 \u00a0\u00a0\u00a0\u00a0\u00a0\u00a0\u00a0\u00a0\u00a0\u00a0Chirurgie Kantonsspital Schaffhausen 2003 &#8211; 2004 \u00a0\u00a0\u00a0\u00a0\u00a0\u00a0\u00a0\u00a0\u00a0\u00a0Innere Medizin Regionalspital M\u00fcnsingen 2004 &#8211; 2005 \u00a0\u00a0\u00a0\u00a0\u00a0\u00a0\u00a0\u00a0\u00a0\u00a0Innere Medizin B\u00fcrgerspital Solothurn 2005 &#8211; 2006 \u00a0\u00a0\u00a0\u00a0\u00a0\u00a0\u00a0\u00a0\u00a0\u00a0P\u00e4diatrie und Kinderchirurgie Spitalzentrum Biel 2006 &#8211; 2007\u00a0\u00a0\u00a0\u00a0\u00a0\u00a0\u00a0\u00a0\u00a0\u00a0 Allgemein- und Sportmedizin 2007 &#8211; 2008 \u00a0\u00a0\u00a0\u00a0\u00a0\u00a0\u00a0\u00a0\u00a0\u00a0Hals-Nasen-Ohren &#8211; Heilkunde B\u00fcrgerspital &hellip; <\/p>\n<p class=\"link-more\"><a href=\"https:\/\/praxis-weissenstein.ch\/wordpress\/?page_id=63\" class=\"more-link\">Continue reading<span class=\"screen-reader-text\"> &#8220;Dr. med Michael Fluri&#8221;<\/span><\/a><\/p>\n","protected":false},"author":1,"featured_media":0,"parent":0,"menu_order":0,"comment_status":"closed","ping_status":"closed","template":"","meta":[],"_links":{"self":[{"href":"https:\/\/praxis-weissenstein.ch\/wordpress\/index.php?rest_route=\/wp\/v2\/pages\/63"}],"collection":[{"href":"https:\/\/praxis-weissenstein.ch\/wordpress\/index.php?rest_route=\/wp\/v2\/pages"}],"about":[{"href":"https:\/\/praxis-weissenstein.ch\/wordpress\/index.php?rest_route=\/wp\/v2\/types\/page"}],"author":[{"embeddable":true,"href":"https:\/\/praxis-weissenstein.ch\/wordpress\/index.php?rest_route=\/wp\/v2\/users\/1"}],"replies":[{"embeddable":true,"href":"https:\/\/praxis-weissenstein.ch\/wordpress\/index.php?rest_route=%2Fwp%2Fv2%2Fcomments&post=63"}],"version-history":[{"count":7,"href":"https:\/\/praxis-weissenstein.ch\/wordpress\/index.php?rest_route=\/wp\/v2\/pages\/63\/revisions"}],"predecessor-version":[{"id":138,"href":"https:\/\/praxis-weissenstein.ch\/wordpress\/index.php?rest_route=\/wp\/v2\/pages\/63\/revisions\/138"}],"wp:attachment":[{"href":"https:\/\/praxis-weissenstein.ch\/wordpress\/index.php?rest_route=%2Fwp%2Fv2%2Fmedia&parent=63"}],"curies":[{"name":"wp","href":"https:\/\/api.w.org\/{rel}","templated":true}]}}