{"id":8,"date":"2017-06-15T08:14:36","date_gmt":"2017-06-15T08:14:36","guid":{"rendered":"http:\/\/praxis-weissenstein.ch\/wordpress\/?page_id=8"},"modified":"2023-05-05T15:26:07","modified_gmt":"2023-05-05T15:26:07","slug":"verhalten-bei-notfallen","status":"publish","type":"page","link":"https:\/\/praxis-weissenstein.ch\/wordpress\/?page_id=8","title":{"rendered":"Verhalten bei Notf\u00e4llen"},"content":{"rendered":"<p>bei dringlichen \/ lebensbedrohlichen Notf\u00e4llen direkt <strong>144 <\/strong>w\u00e4hlen<\/p>\n<ul>\n<li>w\u00e4hrend der \u00d6ffnungszeit der Praxis:\n<ul>\n<li>Tel: 032 622 75 22 (Mo &#8211; Fr 8:00 &#8211; 11:30, 14:00 &#8211; 17.30)<\/li>\n<li>f\u00fcr dringliche Notf\u00e4lle (Mo &#8211; Fr 7:30 &#8211; 18:00) Tel: 032 622 75 23<\/li>\n<\/ul>\n<\/li>\n<\/ul>\n<p>Ausserhalb der \u00d6ffnungszeiten k\u00f6nnen Sie versuchen uns privat zu erreichen. Die Telefonnummer erfahren Sie auf dem Anrufbeantworter der Praxis: 032 622 75 22.<\/p>\n<p>Ansonsten wird die Notfallversorgung \u00fcber die ambulante Notfallstation im B\u00fcrgerspital Solothurn abgedeckt. Tel: 0848 112 112, <a href=\"https:\/\/www.solothurnerspitaeler.ch\/notfall\">www.so-h.ch<\/a><\/p>\n","protected":false},"excerpt":{"rendered":"<p>bei dringlichen \/ lebensbedrohlichen Notf\u00e4llen direkt 144 w\u00e4hlen w\u00e4hrend der \u00d6ffnungszeit der Praxis: Tel: 032 622 75 22 (Mo &#8211; Fr 8:00 &#8211; 11:30, 14:00 &#8211; 17.30) f\u00fcr dringliche Notf\u00e4lle (Mo &#8211; Fr 7:30 &#8211; 18:00) Tel: 032 622 75 23 Ausserhalb der \u00d6ffnungszeiten k\u00f6nnen Sie versuchen uns privat zu erreichen. Die Telefonnummer erfahren Sie &hellip; <\/p>\n<p class=\"link-more\"><a href=\"https:\/\/praxis-weissenstein.ch\/wordpress\/?page_id=8\" class=\"more-link\">Continue reading<span class=\"screen-reader-text\"> &#8220;Verhalten bei Notf\u00e4llen&#8221;<\/span><\/a><\/p>\n","protected":false},"author":1,"featured_media":0,"parent":0,"menu_order":0,"comment_status":"closed","ping_status":"closed","template":"","meta":[],"_links":{"self":[{"href":"https:\/\/praxis-weissenstein.ch\/wordpress\/index.php?rest_route=\/wp\/v2\/pages\/8"}],"collection":[{"href":"https:\/\/praxis-weissenstein.ch\/wordpress\/index.php?rest_route=\/wp\/v2\/pages"}],"about":[{"href":"https:\/\/praxis-weissenstein.ch\/wordpress\/index.php?rest_route=\/wp\/v2\/types\/page"}],"author":[{"embeddable":true,"href":"https:\/\/praxis-weissenstein.ch\/wordpress\/index.php?rest_route=\/wp\/v2\/users\/1"}],"replies":[{"embeddable":true,"href":"https:\/\/praxis-weissenstein.ch\/wordpress\/index.php?rest_route=%2Fwp%2Fv2%2Fcomments&post=8"}],"version-history":[{"count":11,"href":"https:\/\/praxis-weissenstein.ch\/wordpress\/index.php?rest_route=\/wp\/v2\/pages\/8\/revisions"}],"predecessor-version":[{"id":442,"href":"https:\/\/praxis-weissenstein.ch\/wordpress\/index.php?rest_route=\/wp\/v2\/pages\/8\/revisions\/442"}],"wp:attachment":[{"href":"https:\/\/praxis-weissenstein.ch\/wordpress\/index.php?rest_route=%2Fwp%2Fv2%2Fmedia&parent=8"}],"curies":[{"name":"wp","href":"https:\/\/api.w.org\/{rel}","templated":true}]}}