{"id":9,"date":"2017-06-15T08:14:36","date_gmt":"2017-06-15T08:14:36","guid":{"rendered":"http:\/\/praxis-weissenstein.ch\/wordpress\/?page_id=9"},"modified":"2023-08-24T10:32:41","modified_gmt":"2023-08-24T10:32:41","slug":"abrechnung","status":"publish","type":"page","link":"https:\/\/praxis-weissenstein.ch\/wordpress\/?page_id=9","title":{"rendered":"Abrechnung"},"content":{"rendered":"<p>Grunds\u00e4tzlich rechnen wir f\u00fcr Pflichtleistungen der Krankenkasse nach dem Tarmed-Tarif ab.<\/p>\n<p>\u00dcblicherweise wird die Rechnung dem Patienten zugestellt, der sie dann an die Krankenkasse weiterleitet (Tiers Garant)<\/p>\n<p>Es besteht auch die M\u00f6glichkeit dass wir direkt mit der Krankenkasse abrechnen (Tiers Payant)<\/p>\n<p>F\u00fcr Leistungen die in Abwesenheit des Patienten erbracht werden (z.B. Telefone mit Pflegepersonal im Altersheim, Studium von Spitalberichten, Ausstellen von Physiotherapieverordnungen etc.) wird der Tarmed-Tarifpunkt 00.0140 &#8220;\u00c4rztliche Leistung in Abwesenheit des Patienten&#8221; verrechnet.<\/p>\n<p>F\u00fcr Zeugnisse und administrative Best\u00e4tigungen die nicht mit den Heilungskosten verbunden sind (z.B. Zeugnis f\u00fcr Fitnesscenter, Best\u00e4tigung f\u00fcr Beh\u00f6rden etc) erfolgt eine Verrechnung ausserhalb des Tarmed, das heisst die Kosten werden nicht von der Krankenkasse \u00fcbernommen.<\/p>\n<p>Wenn eine Konsultation kurzfristig \/ gleichentags abgemacht wird, wird je nach Situation eine Dringlichkeits-Inkonvenienzpauschale verrechnet.<\/p>\n<p>Die Kosten f\u00fcr die verkehrsmedizinische Untersuchung f\u00fcr Senioren betragen SFr. 100.- und werden nicht von der Krankenkasse \u00fcbernommen.<\/p>\n","protected":false},"excerpt":{"rendered":"<p>Grunds\u00e4tzlich rechnen wir f\u00fcr Pflichtleistungen der Krankenkasse nach dem Tarmed-Tarif ab. \u00dcblicherweise wird die Rechnung dem Patienten zugestellt, der sie dann an die Krankenkasse weiterleitet (Tiers Garant) Es besteht auch die M\u00f6glichkeit dass wir direkt mit der Krankenkasse abrechnen (Tiers Payant) F\u00fcr Leistungen die in Abwesenheit des Patienten erbracht werden (z.B. Telefone mit Pflegepersonal im &hellip; <\/p>\n<p class=\"link-more\"><a href=\"https:\/\/praxis-weissenstein.ch\/wordpress\/?page_id=9\" class=\"more-link\">Continue reading<span class=\"screen-reader-text\"> &#8220;Abrechnung&#8221;<\/span><\/a><\/p>\n","protected":false},"author":1,"featured_media":0,"parent":0,"menu_order":0,"comment_status":"closed","ping_status":"closed","template":"","meta":[],"_links":{"self":[{"href":"https:\/\/praxis-weissenstein.ch\/wordpress\/index.php?rest_route=\/wp\/v2\/pages\/9"}],"collection":[{"href":"https:\/\/praxis-weissenstein.ch\/wordpress\/index.php?rest_route=\/wp\/v2\/pages"}],"about":[{"href":"https:\/\/praxis-weissenstein.ch\/wordpress\/index.php?rest_route=\/wp\/v2\/types\/page"}],"author":[{"embeddable":true,"href":"https:\/\/praxis-weissenstein.ch\/wordpress\/index.php?rest_route=\/wp\/v2\/users\/1"}],"replies":[{"embeddable":true,"href":"https:\/\/praxis-weissenstein.ch\/wordpress\/index.php?rest_route=%2Fwp%2Fv2%2Fcomments&post=9"}],"version-history":[{"count":7,"href":"https:\/\/praxis-weissenstein.ch\/wordpress\/index.php?rest_route=\/wp\/v2\/pages\/9\/revisions"}],"predecessor-version":[{"id":447,"href":"https:\/\/praxis-weissenstein.ch\/wordpress\/index.php?rest_route=\/wp\/v2\/pages\/9\/revisions\/447"}],"wp:attachment":[{"href":"https:\/\/praxis-weissenstein.ch\/wordpress\/index.php?rest_route=%2Fwp%2Fv2%2Fmedia&parent=9"}],"curies":[{"name":"wp","href":"https:\/\/api.w.org\/{rel}","templated":true}]}}